{"id":344,"date":"2025-05-12T10:24:49","date_gmt":"2025-05-12T10:24:49","guid":{"rendered":"https:\/\/concalmaco.com\/?page_id=344"},"modified":"2025-11-13T11:29:39","modified_gmt":"2025-11-13T11:29:39","slug":"letters","status":"publish","type":"page","link":"https:\/\/concalmaco.com\/en\/letters\/","title":{"rendered":"Letters"},"content":{"rendered":"<div data-elementor-type=\"wp-page\" data-elementor-id=\"344\" class=\"elementor elementor-344\" data-elementor-post-type=\"page\">\n\t\t\t\t<div class=\"elementor-element elementor-element-b2b832b e-con-full e-flex e-con e-parent\" data-id=\"b2b832b\" data-element_type=\"container\" data-e-type=\"container\" data-settings=\"{&quot;jet_parallax_layout_list&quot;:[]}\">\n\t\t<div class=\"elementor-element elementor-element-fe624b8 e-con-full e-flex e-con e-child\" data-id=\"fe624b8\" data-element_type=\"container\" data-e-type=\"container\" data-settings=\"{&quot;jet_parallax_layout_list&quot;:[]}\">\n\t\t\t\t<div class=\"elementor-element elementor-element-a295daa elementor-widget elementor-widget-heading\" data-id=\"a295daa\" data-element_type=\"widget\" data-e-type=\"widget\" data-widget_type=\"heading.default\">\n\t\t\t\t<div class=\"elementor-widget-container\">\n\t\t\t\t\t<h1 class=\"elementor-heading-title elementor-size-default\">c(c) letters.<\/h1>\t\t\t\t<\/div>\n\t\t\t\t<\/div>\n\t\t\t\t<div class=\"elementor-element elementor-element-a1eeaaa elementor-invisible elementor-widget elementor-widget-text-editor\" data-id=\"a1eeaaa\" data-element_type=\"widget\" data-e-type=\"widget\" data-settings=\"{&quot;_animation&quot;:&quot;fadeInUp&quot;}\" data-widget_type=\"text-editor.default\">\n\t\t\t\t<div class=\"elementor-widget-container\">\n\t\t\t\t\t\t\t\t\t<p>entre proyectos, aprendizajes y momentos de la vida, un espacio para compartir lo que inspira, conecta y da sentido.<\/p>\t\t\t\t\t\t\t\t<\/div>\n\t\t\t\t<\/div>\n\t\t\t\t<\/div>\n\t\t\t\t<\/div>\n\t\t<div class=\"elementor-element elementor-element-9c2bf3d e-con-full e-flex e-con e-parent\" data-id=\"9c2bf3d\" data-element_type=\"container\" data-e-type=\"container\" data-settings=\"{&quot;jet_parallax_layout_list&quot;:[]}\">\n\t\t<div class=\"elementor-element elementor-element-9822122 e-con-full e-flex e-con e-child\" data-id=\"9822122\" data-element_type=\"container\" data-e-type=\"container\" data-settings=\"{&quot;jet_parallax_layout_list&quot;:[]}\">\n\t\t<div class=\"elementor-element elementor-element-df9ea30 e-con-full e-flex e-con e-child\" data-id=\"df9ea30\" data-element_type=\"container\" data-e-type=\"container\" data-settings=\"{&quot;jet_parallax_layout_list&quot;:[]}\">\n\t\t\t\t<div class=\"elementor-element elementor-element-273b32c elementor-widget elementor-widget-image\" data-id=\"273b32c\" data-element_type=\"widget\" data-e-type=\"widget\" data-widget_type=\"image.default\">\n\t\t\t\t<div class=\"elementor-widget-container\">\n\t\t\t\t\t\t\t\t\t\t\t\t\t\t\t\t<a href=\"https:\/\/concalmaco.com\/en\/recargar-y-sentirse-acompanada-algo-que-toda-emprendedora-necesita\/\">\n\t\t\t\t\t\t\t<img fetchpriority=\"high\" decoding=\"async\" width=\"1080\" height=\"1440\" src=\"https:\/\/concalmaco.com\/wp-content\/uploads\/2025\/09\/concalmaco-img59.webp\" class=\"attachment-full size-full wp-image-588\" alt=\"\" srcset=\"https:\/\/concalmaco.com\/wp-content\/uploads\/2025\/09\/concalmaco-img59.webp 1080w, https:\/\/concalmaco.com\/wp-content\/uploads\/2025\/09\/concalmaco-img59-225x300.webp 225w, https:\/\/concalmaco.com\/wp-content\/uploads\/2025\/09\/concalmaco-img59-768x1024.webp 768w, https:\/\/concalmaco.com\/wp-content\/uploads\/2025\/09\/concalmaco-img59-9x12.webp 9w\" sizes=\"(max-width: 1080px) 100vw, 1080px\" \/>\t\t\t\t\t\t\t\t<\/a>\n\t\t\t\t\t\t\t\t\t\t\t\t\t\t\t<\/div>\n\t\t\t\t<\/div>\n\t\t\t\t<div class=\"elementor-element elementor-element-dd280f2 elementor-widget elementor-widget-heading\" data-id=\"dd280f2\" data-element_type=\"widget\" data-e-type=\"widget\" data-widget_type=\"heading.default\">\n\t\t\t\t<div class=\"elementor-widget-container\">\n\t\t\t\t\t<h3 class=\"elementor-heading-title elementor-size-default\">Recargar y sentirse acompa\u00f1ada: algo que toda emprendedora necesita.<\/h3>\t\t\t\t<\/div>\n\t\t\t\t<\/div>\n\t\t\t\t<\/div>\n\t\t<div class=\"elementor-element elementor-element-d2f0cb4 e-con-full e-flex e-con e-child\" data-id=\"d2f0cb4\" data-element_type=\"container\" data-e-type=\"container\" data-settings=\"{&quot;jet_parallax_layout_list&quot;:[]}\">\n\t\t\t\t<div class=\"elementor-element elementor-element-ec252bb elementor-widget elementor-widget-image\" data-id=\"ec252bb\" data-element_type=\"widget\" data-e-type=\"widget\" data-widget_type=\"image.default\">\n\t\t\t\t<div class=\"elementor-widget-container\">\n\t\t\t\t\t\t\t\t\t\t\t\t\t\t\t\t<a href=\"https:\/\/concalmaco.com\/en\/pausa-%e2%89%a0-ausencia-el-arte-de-mantenerte-presente-este-verano-sin-estar-todo-el-dia-conectada\/\">\n\t\t\t\t\t\t\t<img decoding=\"async\" width=\"1920\" height=\"1080\" src=\"https:\/\/concalmaco.com\/wp-content\/uploads\/2025\/11\/concalmaco-img64.webp\" class=\"attachment-full size-full wp-image-594\" alt=\"\" srcset=\"https:\/\/concalmaco.com\/wp-content\/uploads\/2025\/11\/concalmaco-img64.webp 1920w, https:\/\/concalmaco.com\/wp-content\/uploads\/2025\/11\/concalmaco-img64-300x169.webp 300w, https:\/\/concalmaco.com\/wp-content\/uploads\/2025\/11\/concalmaco-img64-1024x576.webp 1024w, https:\/\/concalmaco.com\/wp-content\/uploads\/2025\/11\/concalmaco-img64-768x432.webp 768w, https:\/\/concalmaco.com\/wp-content\/uploads\/2025\/11\/concalmaco-img64-1536x864.webp 1536w, https:\/\/concalmaco.com\/wp-content\/uploads\/2025\/11\/concalmaco-img64-18x10.webp 18w\" sizes=\"(max-width: 1920px) 100vw, 1920px\" \/>\t\t\t\t\t\t\t\t<\/a>\n\t\t\t\t\t\t\t\t\t\t\t\t\t\t\t<\/div>\n\t\t\t\t<\/div>\n\t\t\t\t<div class=\"elementor-element elementor-element-100e8e5 elementor-widget elementor-widget-heading\" data-id=\"100e8e5\" data-element_type=\"widget\" data-e-type=\"widget\" data-widget_type=\"heading.default\">\n\t\t\t\t<div class=\"elementor-widget-container\">\n\t\t\t\t\t<h3 class=\"elementor-heading-title elementor-size-default\">Pausa \u2260 ausencia: el arte de mantenerte presente este verano sin estar todo el d\u00eda conectada.<\/h3>\t\t\t\t<\/div>\n\t\t\t\t<\/div>\n\t\t\t\t<\/div>\n\t\t\t\t<\/div>\n\t\t<div class=\"elementor-element elementor-element-a9609f5 e-con-full e-flex e-con e-child\" data-id=\"a9609f5\" data-element_type=\"container\" data-e-type=\"container\" data-settings=\"{&quot;jet_parallax_layout_list&quot;:[]}\">\n\t\t<div class=\"elementor-element elementor-element-daa855f e-con-full e-flex e-con e-child\" data-id=\"daa855f\" data-element_type=\"container\" data-e-type=\"container\" data-settings=\"{&quot;jet_parallax_layout_list&quot;:[]}\">\n\t\t\t\t<div class=\"elementor-element elementor-element-de6f780 elementor-widget elementor-widget-image\" data-id=\"de6f780\" data-element_type=\"widget\" data-e-type=\"widget\" data-widget_type=\"image.default\">\n\t\t\t\t<div class=\"elementor-widget-container\">\n\t\t\t\t\t\t\t\t\t\t\t\t\t\t\t\t<a href=\"https:\/\/concalmaco.com\/en\/mas-que-imagenes-tu-contenido-como-reflejo-de-tu-identidad\/\">\n\t\t\t\t\t\t\t<img decoding=\"async\" width=\"1920\" height=\"1080\" src=\"https:\/\/concalmaco.com\/wp-content\/uploads\/2025\/09\/concalmaco-img60.webp\" class=\"attachment-full size-full wp-image-589\" alt=\"\" srcset=\"https:\/\/concalmaco.com\/wp-content\/uploads\/2025\/09\/concalmaco-img60.webp 1920w, https:\/\/concalmaco.com\/wp-content\/uploads\/2025\/09\/concalmaco-img60-300x169.webp 300w, https:\/\/concalmaco.com\/wp-content\/uploads\/2025\/09\/concalmaco-img60-1024x576.webp 1024w, https:\/\/concalmaco.com\/wp-content\/uploads\/2025\/09\/concalmaco-img60-768x432.webp 768w, https:\/\/concalmaco.com\/wp-content\/uploads\/2025\/09\/concalmaco-img60-1536x864.webp 1536w, https:\/\/concalmaco.com\/wp-content\/uploads\/2025\/09\/concalmaco-img60-18x10.webp 18w\" sizes=\"(max-width: 1920px) 100vw, 1920px\" \/>\t\t\t\t\t\t\t\t<\/a>\n\t\t\t\t\t\t\t\t\t\t\t\t\t\t\t<\/div>\n\t\t\t\t<\/div>\n\t\t\t\t<div class=\"elementor-element elementor-element-f6f483e elementor-widget elementor-widget-heading\" data-id=\"f6f483e\" data-element_type=\"widget\" data-e-type=\"widget\" data-widget_type=\"heading.default\">\n\t\t\t\t<div class=\"elementor-widget-container\">\n\t\t\t\t\t<h3 class=\"elementor-heading-title elementor-size-default\">M\u00e1s que im\u00e1genes: tu contenido como reflejo de tu identidad.<\/h3>\t\t\t\t<\/div>\n\t\t\t\t<\/div>\n\t\t\t\t<\/div>\n\t\t<div class=\"elementor-element elementor-element-24e968c e-con-full e-flex e-con e-child\" data-id=\"24e968c\" data-element_type=\"container\" data-e-type=\"container\" data-settings=\"{&quot;jet_parallax_layout_list&quot;:[]}\">\n\t\t\t\t<div class=\"elementor-element elementor-element-a7b4e83 elementor-widget elementor-widget-image\" data-id=\"a7b4e83\" data-element_type=\"widget\" data-e-type=\"widget\" data-widget_type=\"image.default\">\n\t\t\t\t<div class=\"elementor-widget-container\">\n\t\t\t\t\t\t\t\t\t\t\t\t\t\t\t\t<a href=\"https:\/\/concalmaco.com\/en\/porque-tu-marca-no-es-una-mas-y-eso-deberia-reflejarse-en-tus-redes\/\">\n\t\t\t\t\t\t\t<img loading=\"lazy\" decoding=\"async\" width=\"1080\" height=\"1440\" src=\"https:\/\/concalmaco.com\/wp-content\/uploads\/2025\/11\/concalmaco-img63.webp\" class=\"attachment-full size-full wp-image-593\" alt=\"\" srcset=\"https:\/\/concalmaco.com\/wp-content\/uploads\/2025\/11\/concalmaco-img63.webp 1080w, https:\/\/concalmaco.com\/wp-content\/uploads\/2025\/11\/concalmaco-img63-225x300.webp 225w, https:\/\/concalmaco.com\/wp-content\/uploads\/2025\/11\/concalmaco-img63-768x1024.webp 768w, https:\/\/concalmaco.com\/wp-content\/uploads\/2025\/11\/concalmaco-img63-9x12.webp 9w\" sizes=\"(max-width: 1080px) 100vw, 1080px\" \/>\t\t\t\t\t\t\t\t<\/a>\n\t\t\t\t\t\t\t\t\t\t\t\t\t\t\t<\/div>\n\t\t\t\t<\/div>\n\t\t\t\t<div class=\"elementor-element elementor-element-9593342 elementor-widget elementor-widget-heading\" data-id=\"9593342\" data-element_type=\"widget\" data-e-type=\"widget\" data-widget_type=\"heading.default\">\n\t\t\t\t<div class=\"elementor-widget-container\">\n\t\t\t\t\t<h3 class=\"elementor-heading-title elementor-size-default\">Because your brand is not just another brand (and that should be reflected in your networks).<\/h3>\t\t\t\t<\/div>\n\t\t\t\t<\/div>\n\t\t\t\t<\/div>\n\t\t\t\t<\/div>\n\t\t<div class=\"elementor-element elementor-element-4517f97 e-con-full e-flex e-con e-child\" data-id=\"4517f97\" data-element_type=\"container\" data-e-type=\"container\" data-settings=\"{&quot;jet_parallax_layout_list&quot;:[]}\">\n\t\t<div class=\"elementor-element elementor-element-d5574e2 e-con-full e-flex e-con e-child\" data-id=\"d5574e2\" data-element_type=\"container\" data-e-type=\"container\" data-settings=\"{&quot;jet_parallax_layout_list&quot;:[]}\">\n\t\t\t\t<div class=\"elementor-element elementor-element-1c083ff elementor-widget elementor-widget-image\" data-id=\"1c083ff\" data-element_type=\"widget\" data-e-type=\"widget\" data-widget_type=\"image.default\">\n\t\t\t\t<div class=\"elementor-widget-container\">\n\t\t\t\t\t\t\t\t\t\t\t\t\t\t\t\t<a href=\"https:\/\/concalmaco.com\/en\/cuando-la-naturaleza-se-convierte-en-parte-de-la-narrativa\/\">\n\t\t\t\t\t\t\t<img fetchpriority=\"high\" decoding=\"async\" width=\"1080\" height=\"1440\" src=\"https:\/\/concalmaco.com\/wp-content\/uploads\/2025\/09\/concalmaco-img59.webp\" class=\"attachment-full size-full wp-image-588\" alt=\"\" srcset=\"https:\/\/concalmaco.com\/wp-content\/uploads\/2025\/09\/concalmaco-img59.webp 1080w, https:\/\/concalmaco.com\/wp-content\/uploads\/2025\/09\/concalmaco-img59-225x300.webp 225w, https:\/\/concalmaco.com\/wp-content\/uploads\/2025\/09\/concalmaco-img59-768x1024.webp 768w, https:\/\/concalmaco.com\/wp-content\/uploads\/2025\/09\/concalmaco-img59-9x12.webp 9w\" sizes=\"(max-width: 1080px) 100vw, 1080px\" \/>\t\t\t\t\t\t\t\t<\/a>\n\t\t\t\t\t\t\t\t\t\t\t\t\t\t\t<\/div>\n\t\t\t\t<\/div>\n\t\t\t\t<div class=\"elementor-element elementor-element-dc1de02 elementor-widget elementor-widget-heading\" data-id=\"dc1de02\" data-element_type=\"widget\" data-e-type=\"widget\" data-widget_type=\"heading.default\">\n\t\t\t\t<div class=\"elementor-widget-container\">\n\t\t\t\t\t<h3 class=\"elementor-heading-title elementor-size-default\">Cuando la naturaleza se convierte en parte de la narrativa.<\/h3>\t\t\t\t<\/div>\n\t\t\t\t<\/div>\n\t\t\t\t<\/div>\n\t\t<div class=\"elementor-element elementor-element-c44107f e-con-full e-flex e-con e-child\" data-id=\"c44107f\" data-element_type=\"container\" data-e-type=\"container\" data-settings=\"{&quot;jet_parallax_layout_list&quot;:[]}\">\n\t\t\t\t<div class=\"elementor-element elementor-element-6204ed1 elementor-widget elementor-widget-image\" data-id=\"6204ed1\" data-element_type=\"widget\" data-e-type=\"widget\" data-widget_type=\"image.default\">\n\t\t\t\t<div class=\"elementor-widget-container\">\n\t\t\t\t\t\t\t\t\t\t\t\t\t\t\t\t<a href=\"https:\/\/concalmaco.com\/en\/acompanando-a-marcas-guiadas-por-la-intencion\/\">\n\t\t\t\t\t\t\t<img loading=\"lazy\" decoding=\"async\" width=\"1920\" height=\"1080\" src=\"https:\/\/concalmaco.com\/wp-content\/uploads\/2025\/11\/concalmaco-img62.webp\" class=\"attachment-full size-full wp-image-592\" alt=\"\" srcset=\"https:\/\/concalmaco.com\/wp-content\/uploads\/2025\/11\/concalmaco-img62.webp 1920w, https:\/\/concalmaco.com\/wp-content\/uploads\/2025\/11\/concalmaco-img62-300x169.webp 300w, https:\/\/concalmaco.com\/wp-content\/uploads\/2025\/11\/concalmaco-img62-1024x576.webp 1024w, https:\/\/concalmaco.com\/wp-content\/uploads\/2025\/11\/concalmaco-img62-768x432.webp 768w, https:\/\/concalmaco.com\/wp-content\/uploads\/2025\/11\/concalmaco-img62-1536x864.webp 1536w, https:\/\/concalmaco.com\/wp-content\/uploads\/2025\/11\/concalmaco-img62-18x10.webp 18w\" sizes=\"(max-width: 1920px) 100vw, 1920px\" \/>\t\t\t\t\t\t\t\t<\/a>\n\t\t\t\t\t\t\t\t\t\t\t\t\t\t\t<\/div>\n\t\t\t\t<\/div>\n\t\t\t\t<div class=\"elementor-element elementor-element-fa721ab elementor-widget elementor-widget-heading\" data-id=\"fa721ab\" data-element_type=\"widget\" data-e-type=\"widget\" data-widget_type=\"heading.default\">\n\t\t\t\t<div class=\"elementor-widget-container\">\n\t\t\t\t\t<h3 class=\"elementor-heading-title elementor-size-default\">Accompanying brands (and, above all, entrepreneurs) guided by intention.<\/h3>\t\t\t\t<\/div>\n\t\t\t\t<\/div>\n\t\t\t\t<\/div>\n\t\t\t\t<\/div>\n\t\t\t\t<\/div>\n\t\t\t\t<\/div>","protected":false},"excerpt":{"rendered":"<p>c(c) letters. entre proyectos, aprendizajes y momentos de la vida, un espacio para compartir lo que inspira, conecta y da sentido. Recargar y sentirse acompa\u00f1ada: algo que toda emprendedora necesita. Pausa \u2260 ausencia: el arte de mantenerte presente este verano sin estar todo el d\u00eda conectada. M\u00e1s que im\u00e1genes: tu contenido como reflejo de tu [&hellip;]<\/p>\n","protected":false},"author":1,"featured_media":0,"parent":0,"menu_order":0,"comment_status":"closed","ping_status":"closed","template":"","meta":{"footnotes":""},"class_list":["post-344","page","type-page","status-publish","hentry"],"_links":{"self":[{"href":"https:\/\/concalmaco.com\/en\/wp-json\/wp\/v2\/pages\/344","targetHints":{"allow":["GET"]}}],"collection":[{"href":"https:\/\/concalmaco.com\/en\/wp-json\/wp\/v2\/pages"}],"about":[{"href":"https:\/\/concalmaco.com\/en\/wp-json\/wp\/v2\/types\/page"}],"author":[{"embeddable":true,"href":"https:\/\/concalmaco.com\/en\/wp-json\/wp\/v2\/users\/1"}],"replies":[{"embeddable":true,"href":"https:\/\/concalmaco.com\/en\/wp-json\/wp\/v2\/comments?post=344"}],"version-history":[{"count":74,"href":"https:\/\/concalmaco.com\/en\/wp-json\/wp\/v2\/pages\/344\/revisions"}],"predecessor-version":[{"id":612,"href":"https:\/\/concalmaco.com\/en\/wp-json\/wp\/v2\/pages\/344\/revisions\/612"}],"wp:attachment":[{"href":"https:\/\/concalmaco.com\/en\/wp-json\/wp\/v2\/media?parent=344"}],"curies":[{"name":"wp","href":"https:\/\/api.w.org\/{rel}","templated":true}]}}