{"id":604,"date":"2025-11-13T11:22:15","date_gmt":"2025-11-13T11:22:15","guid":{"rendered":"https:\/\/concalmaco.com\/?page_id=604"},"modified":"2025-11-13T11:44:30","modified_gmt":"2025-11-13T11:44:30","slug":"proyectos","status":"publish","type":"page","link":"https:\/\/concalmaco.com\/en\/proyectos\/","title":{"rendered":"Proyectos"},"content":{"rendered":"<div data-elementor-type=\"wp-page\" data-elementor-id=\"604\" class=\"elementor elementor-604\" data-elementor-post-type=\"page\">\n\t\t\t\t<div class=\"elementor-element elementor-element-e850835 e-con-full e-flex e-con e-parent\" data-id=\"e850835\" data-element_type=\"container\" data-e-type=\"container\" data-settings=\"{&quot;jet_parallax_layout_list&quot;:[]}\">\n\t\t<div class=\"elementor-element elementor-element-b84cbb9 e-con-full e-flex e-con e-child\" data-id=\"b84cbb9\" data-element_type=\"container\" data-e-type=\"container\" data-settings=\"{&quot;jet_parallax_layout_list&quot;:[]}\">\n\t\t<div class=\"elementor-element elementor-element-673f9a6 e-con-full e-flex e-con e-child\" data-id=\"673f9a6\" data-element_type=\"container\" data-e-type=\"container\" data-settings=\"{&quot;jet_parallax_layout_list&quot;:[]}\">\n\t\t\t\t<div class=\"elementor-element elementor-element-824a1ab elementor-widget elementor-widget-image\" data-id=\"824a1ab\" data-element_type=\"widget\" data-e-type=\"widget\" data-widget_type=\"image.default\">\n\t\t\t\t<div class=\"elementor-widget-container\">\n\t\t\t\t\t\t\t\t\t\t\t\t\t\t\t\t<a href=\"https:\/\/concalmaco.com\/en\/direccion-creativa-y-produccion-para-mon\/\">\n\t\t\t\t\t\t\t<img fetchpriority=\"high\" decoding=\"async\" width=\"1080\" height=\"1440\" src=\"https:\/\/concalmaco.com\/wp-content\/uploads\/2025\/11\/concalmaco-img41.webp\" class=\"attachment-full size-full wp-image-570\" alt=\"\" srcset=\"https:\/\/concalmaco.com\/wp-content\/uploads\/2025\/11\/concalmaco-img41.webp 1080w, https:\/\/concalmaco.com\/wp-content\/uploads\/2025\/11\/concalmaco-img41-225x300.webp 225w, https:\/\/concalmaco.com\/wp-content\/uploads\/2025\/11\/concalmaco-img41-768x1024.webp 768w, https:\/\/concalmaco.com\/wp-content\/uploads\/2025\/11\/concalmaco-img41-9x12.webp 9w\" sizes=\"(max-width: 1080px) 100vw, 1080px\" \/>\t\t\t\t\t\t\t\t<\/a>\n\t\t\t\t\t\t\t\t\t\t\t\t\t\t\t<\/div>\n\t\t\t\t<\/div>\n\t\t\t\t<div class=\"elementor-element elementor-element-9382fce elementor-widget elementor-widget-heading\" data-id=\"9382fce\" data-element_type=\"widget\" data-e-type=\"widget\" data-widget_type=\"heading.default\">\n\t\t\t\t<div class=\"elementor-widget-container\">\n\t\t\t\t\t<h3 class=\"elementor-heading-title elementor-size-default\">Direcci\u00f3n creativa y producci\u00f3n para MON.<\/h3>\t\t\t\t<\/div>\n\t\t\t\t<\/div>\n\t\t\t\t<\/div>\n\t\t\t\t<\/div>\n\t\t<div class=\"elementor-element elementor-element-234382d e-con-full e-flex e-con e-child\" data-id=\"234382d\" data-element_type=\"container\" data-e-type=\"container\" data-settings=\"{&quot;jet_parallax_layout_list&quot;:[]}\">\n\t\t<div class=\"elementor-element elementor-element-a49c847 e-con-full e-flex e-con e-child\" data-id=\"a49c847\" data-element_type=\"container\" data-e-type=\"container\" data-settings=\"{&quot;jet_parallax_layout_list&quot;:[]}\">\n\t\t\t\t<div class=\"elementor-element elementor-element-4febab9 elementor-widget elementor-widget-image\" data-id=\"4febab9\" data-element_type=\"widget\" data-e-type=\"widget\" data-widget_type=\"image.default\">\n\t\t\t\t<div class=\"elementor-widget-container\">\n\t\t\t\t\t\t\t\t\t\t\t\t\t\t\t\t<a href=\"https:\/\/concalmaco.com\/en\/direccion-creativa-y-produccion-para-la-martinika\/\">\n\t\t\t\t\t\t\t<img decoding=\"async\" width=\"1920\" height=\"1080\" src=\"https:\/\/concalmaco.com\/wp-content\/uploads\/2025\/11\/concalmaco-img65.webp\" class=\"attachment-full size-full wp-image-614\" alt=\"\" srcset=\"https:\/\/concalmaco.com\/wp-content\/uploads\/2025\/11\/concalmaco-img65.webp 1920w, https:\/\/concalmaco.com\/wp-content\/uploads\/2025\/11\/concalmaco-img65-300x169.webp 300w, https:\/\/concalmaco.com\/wp-content\/uploads\/2025\/11\/concalmaco-img65-1024x576.webp 1024w, https:\/\/concalmaco.com\/wp-content\/uploads\/2025\/11\/concalmaco-img65-768x432.webp 768w, https:\/\/concalmaco.com\/wp-content\/uploads\/2025\/11\/concalmaco-img65-1536x864.webp 1536w, https:\/\/concalmaco.com\/wp-content\/uploads\/2025\/11\/concalmaco-img65-18x10.webp 18w\" sizes=\"(max-width: 1920px) 100vw, 1920px\" \/>\t\t\t\t\t\t\t\t<\/a>\n\t\t\t\t\t\t\t\t\t\t\t\t\t\t\t<\/div>\n\t\t\t\t<\/div>\n\t\t\t\t<div class=\"elementor-element elementor-element-659fb31 elementor-widget elementor-widget-heading\" data-id=\"659fb31\" data-element_type=\"widget\" data-e-type=\"widget\" data-widget_type=\"heading.default\">\n\t\t\t\t<div class=\"elementor-widget-container\">\n\t\t\t\t\t<h3 class=\"elementor-heading-title elementor-size-default\">Direcci\u00f3n creativa y producci\u00f3n para La Martinika. <\/h3>\t\t\t\t<\/div>\n\t\t\t\t<\/div>\n\t\t\t\t<\/div>\n\t\t\t\t<\/div>\n\t\t<div class=\"elementor-element elementor-element-19b4596 e-con-full e-flex e-con e-child\" data-id=\"19b4596\" data-element_type=\"container\" data-e-type=\"container\" data-settings=\"{&quot;jet_parallax_layout_list&quot;:[]}\">\n\t\t<div class=\"elementor-element elementor-element-dfd02d0 e-con-full e-flex e-con e-child\" data-id=\"dfd02d0\" data-element_type=\"container\" data-e-type=\"container\" data-settings=\"{&quot;jet_parallax_layout_list&quot;:[]}\">\n\t\t\t\t<div class=\"elementor-element elementor-element-42956b0 elementor-widget elementor-widget-image\" data-id=\"42956b0\" data-element_type=\"widget\" data-e-type=\"widget\" data-widget_type=\"image.default\">\n\t\t\t\t<div class=\"elementor-widget-container\">\n\t\t\t\t\t\t\t\t\t\t\t\t\t\t\t\t<a href=\"https:\/\/concalmaco.com\/en\/produccion-para-los-confites\/\">\n\t\t\t\t\t\t\t<img decoding=\"async\" width=\"1080\" height=\"1440\" src=\"https:\/\/concalmaco.com\/wp-content\/uploads\/2025\/11\/concalmaco-img54.webp\" class=\"attachment-full size-full wp-image-583\" alt=\"\" srcset=\"https:\/\/concalmaco.com\/wp-content\/uploads\/2025\/11\/concalmaco-img54.webp 1080w, https:\/\/concalmaco.com\/wp-content\/uploads\/2025\/11\/concalmaco-img54-225x300.webp 225w, https:\/\/concalmaco.com\/wp-content\/uploads\/2025\/11\/concalmaco-img54-768x1024.webp 768w, https:\/\/concalmaco.com\/wp-content\/uploads\/2025\/11\/concalmaco-img54-9x12.webp 9w\" sizes=\"(max-width: 1080px) 100vw, 1080px\" \/>\t\t\t\t\t\t\t\t<\/a>\n\t\t\t\t\t\t\t\t\t\t\t\t\t\t\t<\/div>\n\t\t\t\t<\/div>\n\t\t\t\t<div class=\"elementor-element elementor-element-9014981 elementor-widget elementor-widget-heading\" data-id=\"9014981\" data-element_type=\"widget\" data-e-type=\"widget\" data-widget_type=\"heading.default\">\n\t\t\t\t<div class=\"elementor-widget-container\">\n\t\t\t\t\t<h3 class=\"elementor-heading-title elementor-size-default\">Producci\u00f3n para Los Confites.<\/h3>\t\t\t\t<\/div>\n\t\t\t\t<\/div>\n\t\t\t\t<\/div>\n\t\t\t\t<\/div>\n\t\t\t\t<\/div>\n\t\t\t\t<\/div>","protected":false},"excerpt":{"rendered":"<p>Direcci\u00f3n creativa y producci\u00f3n para MON. Direcci\u00f3n creativa y producci\u00f3n para La Martinika. Producci\u00f3n para Los Confites.<\/p>","protected":false},"author":1,"featured_media":0,"parent":0,"menu_order":0,"comment_status":"closed","ping_status":"closed","template":"","meta":{"footnotes":""},"class_list":["post-604","page","type-page","status-publish","hentry"],"_links":{"self":[{"href":"https:\/\/concalmaco.com\/en\/wp-json\/wp\/v2\/pages\/604","targetHints":{"allow":["GET"]}}],"collection":[{"href":"https:\/\/concalmaco.com\/en\/wp-json\/wp\/v2\/pages"}],"about":[{"href":"https:\/\/concalmaco.com\/en\/wp-json\/wp\/v2\/types\/page"}],"author":[{"embeddable":true,"href":"https:\/\/concalmaco.com\/en\/wp-json\/wp\/v2\/users\/1"}],"replies":[{"embeddable":true,"href":"https:\/\/concalmaco.com\/en\/wp-json\/wp\/v2\/comments?post=604"}],"version-history":[{"count":10,"href":"https:\/\/concalmaco.com\/en\/wp-json\/wp\/v2\/pages\/604\/revisions"}],"predecessor-version":[{"id":639,"href":"https:\/\/concalmaco.com\/en\/wp-json\/wp\/v2\/pages\/604\/revisions\/639"}],"wp:attachment":[{"href":"https:\/\/concalmaco.com\/en\/wp-json\/wp\/v2\/media?parent=604"}],"curies":[{"name":"wp","href":"https:\/\/api.w.org\/{rel}","templated":true}]}}