{"id":8,"date":"2025-01-17T18:45:55","date_gmt":"2025-01-17T18:45:55","guid":{"rendered":"https:\/\/concalmaco.com\/?page_id=8"},"modified":"2025-11-09T16:32:27","modified_gmt":"2025-11-09T16:32:27","slug":"sobre-mi-paula","status":"publish","type":"page","link":"https:\/\/concalmaco.com\/en\/sobre-mi-paula\/","title":{"rendered":"Sobre m\u00ed"},"content":{"rendered":"<div data-elementor-type=\"wp-post\" data-elementor-id=\"8\" class=\"elementor elementor-8\" data-elementor-post-type=\"page\">\n\t\t\t\t<div class=\"elementor-element elementor-element-40fb3ed e-con-full e-flex e-con e-parent\" data-id=\"40fb3ed\" data-element_type=\"container\" data-e-type=\"container\" data-settings=\"{&quot;jet_parallax_layout_list&quot;:[]}\">\n\t\t\t\t<div class=\"elementor-element elementor-element-8b27279 elementor-widget__width-initial elementor-invisible elementor-widget elementor-widget-text-editor\" data-id=\"8b27279\" data-element_type=\"widget\" data-e-type=\"widget\" data-settings=\"{&quot;_animation&quot;:&quot;fadeInUp&quot;}\" data-widget_type=\"text-editor.default\">\n\t\t\t\t<div class=\"elementor-widget-container\">\n\t\t\t\t\t\t\t\t\tcon (c)alma es un proyecto creado para acompa\u00f1ar marcas (y emprendedoras) que buscan conectar de verdad con su audiencia, combinando estrategia, contenido y acciones que respeten y reflejen su identidad.\n\t\t\t\t\t\t\t\t<\/div>\n\t\t\t\t<\/div>\n\t\t\t\t<div class=\"elementor-element elementor-element-b6fcac1 elementor-widget__width-initial elementor-widget elementor-widget-n-accordion\" data-id=\"b6fcac1\" data-element_type=\"widget\" data-e-type=\"widget\" data-settings=\"{&quot;default_state&quot;:&quot;all_collapsed&quot;,&quot;max_items_expended&quot;:&quot;one&quot;,&quot;n_accordion_animation_duration&quot;:{&quot;unit&quot;:&quot;ms&quot;,&quot;size&quot;:400,&quot;sizes&quot;:[]}}\" data-widget_type=\"nested-accordion.default\">\n\t\t\t\t<div class=\"elementor-widget-container\">\n\t\t\t\t\t\t\t<div class=\"e-n-accordion\" aria-label=\"Accordion. Open links with Enter or Space, close with Escape, and navigate with Arrow Keys\">\n\t\t\t\t\t\t<details id=\"e-n-accordion-item-1910\" class=\"e-n-accordion-item\" >\n\t\t\t\t<summary class=\"e-n-accordion-item-title\" data-accordion-index=\"1\" tabindex=\"0\" aria-expanded=\"false\" aria-controls=\"e-n-accordion-item-1910\" >\n\t\t\t\t\t<span class='e-n-accordion-item-title-header'><div class=\"e-n-accordion-item-title-text\"> Manifiesto <\/div><\/span>\n\t\t\t\t\t\t\t<span class='e-n-accordion-item-title-icon'>\n\t\t\t<span class='e-opened' ><svg aria-hidden=\"true\" class=\"e-font-icon-svg e-fas-minus\" viewbox=\"0 0 448 512\" xmlns=\"http:\/\/www.w3.org\/2000\/svg\"><path d=\"M416 208H32c-17.67 0-32 14.33-32 32v32c0 17.67 14.33 32 32 32h384c17.67 0 32-14.33 32-32v-32c0-17.67-14.33-32-32-32z\"><\/path><\/svg><\/span>\n\t\t\t<span class='e-closed'><svg aria-hidden=\"true\" class=\"e-font-icon-svg e-fas-plus\" viewbox=\"0 0 448 512\" xmlns=\"http:\/\/www.w3.org\/2000\/svg\"><path d=\"M416 208H272V64c0-17.67-14.33-32-32-32h-32c-17.67 0-32 14.33-32 32v144H32c-17.67 0-32 14.33-32 32v32c0 17.67 14.33 32 32 32h144v144c0 17.67 14.33 32 32 32h32c17.67 0 32-14.33 32-32V304h144c17.67 0 32-14.33 32-32v-32c0-17.67-14.33-32-32-32z\"><\/path><\/svg><\/span>\n\t\t<\/span>\n\n\t\t\t\t\t\t<\/summary>\n\t\t\t\t<div role=\"region\" aria-labelledby=\"e-n-accordion-item-1910\" class=\"elementor-element elementor-element-08a4f76 e-con-full e-flex e-con e-child\" data-id=\"08a4f76\" data-element_type=\"container\" data-e-type=\"container\" data-settings=\"{&quot;jet_parallax_layout_list&quot;:[]}\">\n\t\t\t\t<div class=\"elementor-element elementor-element-67c2b12 elementor-invisible elementor-widget elementor-widget-text-editor\" data-id=\"67c2b12\" data-element_type=\"widget\" data-e-type=\"widget\" data-settings=\"{&quot;_animation&quot;:&quot;fadeIn&quot;}\" data-widget_type=\"text-editor.default\">\n\t\t\t\t<div class=\"elementor-widget-container\">\n\t\t\t\t\t\t\t\t\t<p>Soy Paula, fundadora de este proyecto, y quiero compartir que con (c)alma naci\u00f3 de una necesidad muy personal: hacer las cosas desde un lugar m\u00e1s consciente, m\u00e1s verdadero y m\u00e1s humano.<\/p><p>Despu\u00e9s de un tiempo trabajando en comunicaci\u00f3n y creaci\u00f3n de contenido para marcas, sent\u00ed que algo no encajaba. Muchas veces se comunicaba por inercia, desde la prisa o la apariencia, olvidando lo esencial: la intenci\u00f3n y la emoci\u00f3n.<\/p><p>Por eso decid\u00ed hacerlo diferente. Ahora acompa\u00f1o a marcas y emprendedoras que buscan hacer las cosas bien. Que quieren conectar con las personas, no solo impactarlas. Que desean contar con calma, claridad y coherencia qui\u00e9nes son y lo que representan.<\/p>\t\t\t\t\t\t\t\t<\/div>\n\t\t\t\t<\/div>\n\t\t\t\t<\/div>\n\t\t\t\t\t<\/details>\n\t\t\t\t\t<\/div>\n\t\t\t\t\t\t<\/div>\n\t\t\t\t<\/div>\n\t\t\t\t<\/div>\n\t\t<div class=\"elementor-element elementor-element-6700afe e-con-full elementor-hidden-desktop elementor-hidden-tablet elementor-hidden-mobile e-flex e-con e-parent\" data-id=\"6700afe\" data-element_type=\"container\" data-e-type=\"container\" data-settings=\"{&quot;jet_parallax_layout_list&quot;:[]}\">\n\t\t\t\t<div class=\"elementor-element elementor-element-f73d1fa elementor-widget elementor-widget-image\" data-id=\"f73d1fa\" data-element_type=\"widget\" data-e-type=\"widget\" data-widget_type=\"image.default\">\n\t\t\t\t<div class=\"elementor-widget-container\">\n\t\t\t\t\t\t\t\t\t\t\t\t\t\t\t<img fetchpriority=\"high\" decoding=\"async\" width=\"1080\" height=\"1440\" src=\"https:\/\/concalmaco.com\/wp-content\/uploads\/2025\/02\/concalmaco-img23.webp\" class=\"attachment-full size-full wp-image-321\" alt=\"\" srcset=\"https:\/\/concalmaco.com\/wp-content\/uploads\/2025\/02\/concalmaco-img23.webp 1080w, https:\/\/concalmaco.com\/wp-content\/uploads\/2025\/02\/concalmaco-img23-225x300.webp 225w, https:\/\/concalmaco.com\/wp-content\/uploads\/2025\/02\/concalmaco-img23-768x1024.webp 768w\" sizes=\"(max-width: 1080px) 100vw, 1080px\" \/>\t\t\t\t\t\t\t\t\t\t\t\t\t\t\t<\/div>\n\t\t\t\t<\/div>\n\t\t<div class=\"elementor-element elementor-element-8246782 e-con-full e-flex e-con e-child\" data-id=\"8246782\" data-element_type=\"container\" data-e-type=\"container\" data-settings=\"{&quot;jet_parallax_layout_list&quot;:[]}\">\n\t\t\t\t<div class=\"elementor-element elementor-element-d287a74 elementor-invisible elementor-widget elementor-widget-heading\" data-id=\"d287a74\" data-element_type=\"widget\" data-e-type=\"widget\" data-settings=\"{&quot;_animation&quot;:&quot;fadeInUp&quot;}\" data-widget_type=\"heading.default\">\n\t\t\t\t<div class=\"elementor-widget-container\">\n\t\t\t\t\t<h1 class=\"elementor-heading-title elementor-size-default\">Accompanying brands guided by intention. Growing them by building meaningful connections.<\/h1>\t\t\t\t<\/div>\n\t\t\t\t<\/div>\n\t\t\t\t<div class=\"elementor-element elementor-element-5b1a761 elementor-invisible elementor-widget elementor-widget-text-editor\" data-id=\"5b1a761\" data-element_type=\"widget\" data-e-type=\"widget\" data-settings=\"{&quot;_animation&quot;:&quot;fadeInUp&quot;}\" data-widget_type=\"text-editor.default\">\n\t\t\t\t<div class=\"elementor-widget-container\">\n\t\t\t\t\t\t\t\t\t<p>Sometimes we forget the meaning and the intention of what we are doing, of what we are building. We become impatient and want it all for now. We forget why we decided to go for something for the simple fact that it takes time, but I am here to help you remember that.\u00a0<\/p>\t\t\t\t\t\t\t\t<\/div>\n\t\t\t\t<\/div>\n\t\t\t\t<\/div>\n\t\t\t\t<\/div>\n\t\t<div class=\"elementor-element elementor-element-3c4c2d4 e-con-full elementor-hidden-desktop elementor-hidden-tablet elementor-hidden-mobile e-flex e-con e-parent\" data-id=\"3c4c2d4\" data-element_type=\"container\" data-e-type=\"container\" data-settings=\"{&quot;jet_parallax_layout_list&quot;:[]}\">\n\t\t<div class=\"elementor-element elementor-element-19f3889 e-con-full e-flex e-con e-child\" data-id=\"19f3889\" data-element_type=\"container\" data-e-type=\"container\" data-settings=\"{&quot;jet_parallax_layout_list&quot;:[]}\">\n\t\t\t\t<div class=\"elementor-element elementor-element-371df21 elementor-widget__width-auto elementor-invisible elementor-widget elementor-widget-heading\" data-id=\"371df21\" data-element_type=\"widget\" data-e-type=\"widget\" data-settings=\"{&quot;_animation&quot;:&quot;fadeInUp&quot;}\" data-widget_type=\"heading.default\">\n\t\t\t\t<div class=\"elementor-widget-container\">\n\t\t\t\t\t<h2 class=\"elementor-heading-title elementor-size-default\">Hi, I'm Paula. Entrepreneur and founder of CON (C)ALMA.<\/h2>\t\t\t\t<\/div>\n\t\t\t\t<\/div>\n\t\t\t\t<div class=\"elementor-element elementor-element-392cd39 elementor-widget__width-initial elementor-invisible elementor-widget elementor-widget-text-editor\" data-id=\"392cd39\" data-element_type=\"widget\" data-e-type=\"widget\" data-settings=\"{&quot;_animation&quot;:&quot;fadeInUp&quot;}\" data-widget_type=\"text-editor.default\">\n\t\t\t\t<div class=\"elementor-widget-container\">\n\t\t\t\t\t\t\t\t\t<p>Every day I work hand in hand with entrepreneurs to make them feel that they are building the project of their dreams, the brand they have always dreamed of, so that they feel aligned at all times with what they do and what they transmit. And it is the most rewarding thing in the world.\u00a0<\/p><p>It often seems that we have to follow rules in order to grow, to get where we want to be, and I am totally convinced that this is not the case.<\/p>\t\t\t\t\t\t\t\t<\/div>\n\t\t\t\t<\/div>\n\t\t\t\t<\/div>\n\t\t<div class=\"elementor-element elementor-element-8f3db75 e-con-full e-flex e-con e-child\" data-id=\"8f3db75\" data-element_type=\"container\" data-e-type=\"container\" data-settings=\"{&quot;jet_parallax_layout_list&quot;:[]}\">\n\t\t\t\t<div class=\"elementor-element elementor-element-15137be elementor-widget elementor-widget-image\" data-id=\"15137be\" data-element_type=\"widget\" data-e-type=\"widget\" data-widget_type=\"image.default\">\n\t\t\t\t<div class=\"elementor-widget-container\">\n\t\t\t\t\t\t\t\t\t\t\t\t\t\t\t<img decoding=\"async\" width=\"1080\" height=\"1440\" src=\"https:\/\/concalmaco.com\/wp-content\/uploads\/2025\/01\/concalmaco-img3.webp\" class=\"attachment-full size-full wp-image-46\" alt=\"\" srcset=\"https:\/\/concalmaco.com\/wp-content\/uploads\/2025\/01\/concalmaco-img3.webp 1080w, https:\/\/concalmaco.com\/wp-content\/uploads\/2025\/01\/concalmaco-img3-225x300.webp 225w, https:\/\/concalmaco.com\/wp-content\/uploads\/2025\/01\/concalmaco-img3-768x1024.webp 768w\" sizes=\"(max-width: 1080px) 100vw, 1080px\" \/>\t\t\t\t\t\t\t\t\t\t\t\t\t\t\t<\/div>\n\t\t\t\t<\/div>\n\t\t\t\t<\/div>\n\t\t\t\t<\/div>\n\t\t<div class=\"elementor-element elementor-element-547e387 e-con-full elementor-hidden-desktop elementor-hidden-tablet elementor-hidden-mobile e-flex e-con e-parent\" data-id=\"547e387\" data-element_type=\"container\" data-e-type=\"container\" data-settings=\"{&quot;jet_parallax_layout_list&quot;:[]}\">\n\t\t<div class=\"elementor-element elementor-element-9672bc3 e-con-full e-flex e-con e-child\" data-id=\"9672bc3\" data-element_type=\"container\" data-e-type=\"container\" data-settings=\"{&quot;jet_parallax_layout_list&quot;:[]}\">\n\t\t\t\t<div class=\"elementor-element elementor-element-3b4036d elementor-widget__width-auto elementor-invisible elementor-widget elementor-widget-heading\" data-id=\"3b4036d\" data-element_type=\"widget\" data-e-type=\"widget\" data-settings=\"{&quot;_animation&quot;:&quot;fadeInUp&quot;}\" data-widget_type=\"heading.default\">\n\t\t\t\t<div class=\"elementor-widget-container\">\n\t\t\t\t\t<h2 class=\"elementor-heading-title elementor-size-default\">A little bit about me, as a person.\u00a0<\/h2>\t\t\t\t<\/div>\n\t\t\t\t<\/div>\n\t\t\t\t<div class=\"elementor-element elementor-element-59ab062 elementor-widget__width-initial elementor-invisible elementor-widget elementor-widget-text-editor\" data-id=\"59ab062\" data-element_type=\"widget\" data-e-type=\"widget\" data-settings=\"{&quot;_animation&quot;:&quot;fadeInUp&quot;}\" data-widget_type=\"text-editor.default\">\n\t\t\t\t<div class=\"elementor-widget-container\">\n\t\t\t\t\t\t\t\t\tI love the first and last hours of the day, the silence of the dawn and the colours of the sunset. I love nights by the sea, walks in the mountains and a good glass of wine. I enjoy immensely the small pleasures of life. Making myself a matcha or a mocha every morning, reading a little before going to sleep, discovering new recipes and spending some time in the kitchen, moving my body a little after a day's work...\u00a0\t\t\t\t\t\t\t\t<\/div>\n\t\t\t\t<\/div>\n\t\t\t\t<\/div>\n\t\t\t\t<\/div>\n\t\t<div class=\"elementor-element elementor-element-40882e0 e-con-full elementor-hidden-desktop elementor-hidden-tablet elementor-hidden-mobile e-flex e-con e-parent\" data-id=\"40882e0\" data-element_type=\"container\" data-e-type=\"container\" data-settings=\"{&quot;jet_parallax_layout_list&quot;:[]}\">\n\t\t<div class=\"elementor-element elementor-element-873d960 e-con-full e-flex e-con e-child\" data-id=\"873d960\" data-element_type=\"container\" data-e-type=\"container\" data-settings=\"{&quot;jet_parallax_layout_list&quot;:[]}\">\n\t\t\t\t<div class=\"elementor-element elementor-element-ff80827 elementor-widget__width-inherit elementor-widget-tablet__width-inherit elementor-invisible elementor-widget elementor-widget-heading\" data-id=\"ff80827\" data-element_type=\"widget\" data-e-type=\"widget\" data-settings=\"{&quot;_animation&quot;:&quot;fadeInUp&quot;}\" data-widget_type=\"heading.default\">\n\t\t\t\t<div class=\"elementor-widget-container\">\n\t\t\t\t\t<h2 class=\"elementor-heading-title elementor-size-default\">What inspires me<\/h2>\t\t\t\t<\/div>\n\t\t\t\t<\/div>\n\t\t<div class=\"elementor-element elementor-element-02afc11 e-con-full e-flex e-con e-child\" data-id=\"02afc11\" data-element_type=\"container\" data-e-type=\"container\" data-settings=\"{&quot;jet_parallax_layout_list&quot;:[]}\">\n\t\t\t\t<div class=\"elementor-element elementor-element-6bee622 elementor-widget__width-auto elementor-invisible elementor-widget elementor-widget-text-editor\" data-id=\"6bee622\" data-element_type=\"widget\" data-e-type=\"widget\" data-settings=\"{&quot;_animation&quot;:&quot;fadeInUp&quot;}\" data-widget_type=\"text-editor.default\">\n\t\t\t\t<div class=\"elementor-widget-container\">\n\t\t\t\t\t\t\t\t\t<p>01.The smiles<\/p><p>The sea<\/p><p>03.The books<\/p><p>04.Nature<\/p>\t\t\t\t\t\t\t\t<\/div>\n\t\t\t\t<\/div>\n\t\t\t\t<div class=\"elementor-element elementor-element-0fb476f elementor-widget__width-auto elementor-invisible elementor-widget elementor-widget-text-editor\" data-id=\"0fb476f\" data-element_type=\"widget\" data-e-type=\"widget\" data-settings=\"{&quot;_animation&quot;:&quot;fadeInUp&quot;}\" data-widget_type=\"text-editor.default\">\n\t\t\t\t<div class=\"elementor-widget-container\">\n\t\t\t\t\t\t\t\t\t<p>05.Silence<\/p><p>06.The hugs<\/p><p>07.The movement<\/p><p>08.The animals<\/p>\t\t\t\t\t\t\t\t<\/div>\n\t\t\t\t<\/div>\n\t\t\t\t<\/div>\n\t\t\t\t<\/div>\n\t\t\t\t<\/div>\n\t\t\t\t<\/div>","protected":false},"excerpt":{"rendered":"<p>con (c)alma es un proyecto creado para acompa\u00f1ar marcas (y emprendedoras) que buscan conectar de verdad con su audiencia, combinando estrategia, contenido y acciones que respeten y reflejen su identidad. Manifiesto Soy Paula, fundadora de este proyecto, y quiero compartir que con (c)alma naci\u00f3 de una necesidad muy personal: hacer las cosas desde un lugar [&hellip;]<\/p>\n","protected":false},"author":1,"featured_media":0,"parent":0,"menu_order":0,"comment_status":"closed","ping_status":"closed","template":"","meta":{"footnotes":""},"class_list":["post-8","page","type-page","status-publish","hentry"],"_links":{"self":[{"href":"https:\/\/concalmaco.com\/en\/wp-json\/wp\/v2\/pages\/8","targetHints":{"allow":["GET"]}}],"collection":[{"href":"https:\/\/concalmaco.com\/en\/wp-json\/wp\/v2\/pages"}],"about":[{"href":"https:\/\/concalmaco.com\/en\/wp-json\/wp\/v2\/types\/page"}],"author":[{"embeddable":true,"href":"https:\/\/concalmaco.com\/en\/wp-json\/wp\/v2\/users\/1"}],"replies":[{"embeddable":true,"href":"https:\/\/concalmaco.com\/en\/wp-json\/wp\/v2\/comments?post=8"}],"version-history":[{"count":95,"href":"https:\/\/concalmaco.com\/en\/wp-json\/wp\/v2\/pages\/8\/revisions"}],"predecessor-version":[{"id":529,"href":"https:\/\/concalmaco.com\/en\/wp-json\/wp\/v2\/pages\/8\/revisions\/529"}],"wp:attachment":[{"href":"https:\/\/concalmaco.com\/en\/wp-json\/wp\/v2\/media?parent=8"}],"curies":[{"name":"wp","href":"https:\/\/api.w.org\/{rel}","templated":true}]}}